{"id":1275,"date":"2018-11-16T14:00:38","date_gmt":"2018-11-16T14:00:38","guid":{"rendered":"https:\/\/prelive.veyzon.com\/hambaravi\/?page_id=1275"},"modified":"2024-09-05T13:53:26","modified_gmt":"2024-09-05T10:53:26","slug":"laakarit","status":"publish","type":"page","link":"https:\/\/primadent.ee\/fi\/laakarit\/","title":{"rendered":"L\u00e4\u00e4k\u00e4rit"},"content":{"rendered":"<div class=\"wpb-content-wrapper\"><p>[vc_row hide_bg_image_on_tablet=&#8221;&#8221; hide_bg_image_on_mobile=&#8221;&#8221;][vc_column]<div class=\"sc_layouts sc_layouts_default sc_layouts_1298\">[vc_row full_width=\"stretch_row\" hide_bg_image_on_tablet=\"\" hide_bg_image_on_mobile=\"\" css=\".vc_custom_1505208383149{background-image: url(https:\/\/prelive.veyzon.com\/hambaravi\/wp-content\/uploads\/2018\/09\/arstid-bg.jpg) !important;background-position: center !important;background-repeat: no-repeat !important;background-size: cover !important;}\"][vc_column icons_position=\"left\"][vc_empty_space alter_height=\"medium\" hide_on_desktop=\"\" hide_on_notebook=\"\" hide_on_tablet=\"\" hide_on_mobile=\"\" css=\".vc_custom_1505207263754{margin-top: -0.2rem !important;}\"][vc_empty_space alter_height=\"huge\" hide_on_desktop=\"\" hide_on_notebook=\"\" hide_on_tablet=\"\" hide_on_mobile=\"\"]<div class=\"sc_team color_style_default sc_team_short\"><h3 class=\"sc_item_title sc_team_title sc_align_center sc_item_title_style_default\">Top professionals in their field<\/h3><h6 class=\"sc_item_subtitle sc_team_subtitle sc_align_center sc_item_title_style_default\">Our team<\/h6><div class=\"sc_team_columns_wrap sc_item_columns trx_addons_columns_wrap columns_padding_bottom\"><div class=\"trx_addons_column-1_4\"><div class=\"sc_team_item\">\n\t<div class=\"post_featured sc_team_item_thumb trx_addons_hover trx_addons_hover_style_info\">\n\t\t\t\t\t\t\t\t\t\t<a href=\"https:\/\/primadent.ee\/fi\/team\/dr-lauri-siiak\/\" aria-hidden=\"true\"><img loading=\"lazy\" decoding=\"async\" width=\"270\" height=\"298\" src=\"https:\/\/primadent.ee\/wp-content\/uploads\/2022\/03\/lauri-siiak-780x680-1-270x298.jpg\" class=\"attachment-prodent-thumb-team size-prodent-thumb-team wp-post-image\" alt=\"Dr. Lauri Siiak\" srcset=\"https:\/\/primadent.ee\/wp-content\/uploads\/2022\/03\/lauri-siiak-780x680-1-270x298.jpg 270w, https:\/\/primadent.ee\/wp-content\/uploads\/2022\/03\/lauri-siiak-780x680-1-540x596.jpg 540w\" sizes=\"auto, (max-width: 270px) 100vw, 270px\" \/><\/a>\n\t\t\t\t\t<div class=\"trx_addons_hover_content\"><div class=\"sc_team_item_socials socials_wrap trx_addons_hover_info\"><\/div><\/div><div class=\"trx_addons_hover_mask\"><\/div><\/div>\t<div class=\"sc_team_item_info\">\n\t\t<div class=\"sc_team_item_header\">\n\t\t\t<h4 class=\"sc_team_item_title\"><a href=\"https:\/\/primadent.ee\/fi\/team\/dr-lauri-siiak\/\">Dr. Lauri Siiak<\/a><\/h4>\n\t\t\t<div class=\"sc_team_item_subtitle\">Hammasl\u00e4\u00e4ketiede, proteesit<\/div>\n\t\t<\/div>\n\t<\/div>\n<\/div>\n<\/div><div class=\"trx_addons_column-1_4\"><div class=\"sc_team_item\">\n\t<div class=\"post_featured sc_team_item_thumb trx_addons_hover trx_addons_hover_style_info\">\n\t\t\t\t\t\t\t\t\t\t<a href=\"https:\/\/primadent.ee\/fi\/team\/tohtori-gerli-eller-partasjuk\/\" aria-hidden=\"true\"><img loading=\"lazy\" decoding=\"async\" width=\"270\" height=\"298\" src=\"https:\/\/primadent.ee\/wp-content\/uploads\/2017\/07\/arstid_gerli-270x298.jpg\" class=\"attachment-prodent-thumb-team size-prodent-thumb-team wp-post-image\" alt=\"Tohtori Gerli Eller-Partasjuk\" srcset=\"https:\/\/primadent.ee\/wp-content\/uploads\/2017\/07\/arstid_gerli-270x298.jpg 270w, https:\/\/primadent.ee\/wp-content\/uploads\/2017\/07\/arstid_gerli-540x596.jpg 540w\" sizes=\"auto, (max-width: 270px) 100vw, 270px\" \/><\/a>\n\t\t\t\t\t<div class=\"trx_addons_hover_content\"><div class=\"sc_team_item_socials socials_wrap trx_addons_hover_info\"><\/div><\/div><div class=\"trx_addons_hover_mask\"><\/div><\/div>\t<div class=\"sc_team_item_info\">\n\t\t<div class=\"sc_team_item_header\">\n\t\t\t<h4 class=\"sc_team_item_title\"><a href=\"https:\/\/primadent.ee\/fi\/team\/tohtori-gerli-eller-partasjuk\/\">Tohtori Gerli Eller-Partasjuk<\/a><\/h4>\n\t\t\t<div class=\"sc_team_item_subtitle\">Hammashoito; oikomishoito; proteesit<\/div>\n\t\t<\/div>\n\t<\/div>\n<\/div>\n<\/div><\/div><\/div><!-- \/.sc_team -->[vc_empty_space alter_height=\"small\" hide_on_desktop=\"\" hide_on_notebook=\"\" hide_on_tablet=\"\" hide_on_mobile=\"\" css=\".vc_custom_1505208055251{margin-top: -0.2rem !important;}\"][vc_empty_space alter_height=\"huge\" hide_on_desktop=\"\" hide_on_notebook=\"\" hide_on_tablet=\"\" hide_on_mobile=\"\"][vc_empty_space alter_height=\"small\" hide_on_desktop=\"\" hide_on_notebook=\"\" hide_on_tablet=\"\" hide_on_mobile=\"\" css=\".vc_custom_1505208102246{margin-top: 0.15rem !important;}\"][\/vc_column][\/vc_row]<\/div>[\/vc_column][\/vc_row]<\/p>\n<\/div>","protected":false},"excerpt":{"rendered":"<p>[vc_row hide_bg_image_on_tablet=&#8221;&#8221; hide_bg_image_on_mobile=&#8221;&#8221;][vc_column][\/vc_column][\/vc_row]<\/p>\n","protected":false},"author":1,"featured_media":0,"parent":0,"menu_order":0,"comment_status":"closed","ping_status":"closed","template":"","meta":{"footnotes":""},"class_list":["post-1275","page","type-page","status-publish","hentry"],"yoast_head":"<!-- This site is optimized with the Yoast SEO plugin v27.1.1 - https:\/\/yoast.com\/product\/yoast-seo-wordpress\/ -->\n<title>L\u00e4\u00e4k\u00e4rit - Primadent Hambaravi<\/title>\n<meta name=\"robots\" content=\"index, follow, max-snippet:-1, max-image-preview:large, max-video-preview:-1\" \/>\n<link rel=\"canonical\" href=\"https:\/\/primadent.ee\/fi\/laakarit\/\" \/>\n<meta property=\"og:locale\" content=\"fi_FI\" \/>\n<meta property=\"og:type\" content=\"article\" \/>\n<meta property=\"og:title\" content=\"L\u00e4\u00e4k\u00e4rit - Primadent Hambaravi\" \/>\n<meta property=\"og:description\" content=\"[vc_row hide_bg_image_on_tablet=&#8221;&#8221; hide_bg_image_on_mobile=&#8221;&#8221;][vc_column][\/vc_column][\/vc_row]\" \/>\n<meta property=\"og:url\" content=\"https:\/\/primadent.ee\/fi\/laakarit\/\" \/>\n<meta property=\"og:site_name\" content=\"Primadent Hambaravi\" \/>\n<meta property=\"article:publisher\" content=\"https:\/\/www.facebook.com\/Primadent-Hambaravi-106842458545569\" \/>\n<meta property=\"article:modified_time\" content=\"2024-09-05T10:53:26+00:00\" \/>\n<meta name=\"twitter:card\" content=\"summary_large_image\" \/>\n<script type=\"application\/ld+json\" class=\"yoast-schema-graph\">{\"@context\":\"https:\/\/schema.org\",\"@graph\":[{\"@type\":\"WebPage\",\"@id\":\"https:\/\/primadent.ee\/fi\/laakarit\/\",\"url\":\"https:\/\/primadent.ee\/fi\/laakarit\/\",\"name\":\"L\u00e4\u00e4k\u00e4rit - Primadent Hambaravi\",\"isPartOf\":{\"@id\":\"https:\/\/primadent.ee\/#website\"},\"datePublished\":\"2018-11-16T14:00:38+00:00\",\"dateModified\":\"2024-09-05T10:53:26+00:00\",\"breadcrumb\":{\"@id\":\"https:\/\/primadent.ee\/fi\/laakarit\/#breadcrumb\"},\"inLanguage\":\"fi\",\"potentialAction\":[{\"@type\":\"ReadAction\",\"target\":[\"https:\/\/primadent.ee\/fi\/laakarit\/\"]}]},{\"@type\":\"BreadcrumbList\",\"@id\":\"https:\/\/primadent.ee\/fi\/laakarit\/#breadcrumb\",\"itemListElement\":[{\"@type\":\"ListItem\",\"position\":1,\"name\":\"Home\",\"item\":\"https:\/\/primadent.ee\/fi\/avaleht\/\"},{\"@type\":\"ListItem\",\"position\":2,\"name\":\"L\u00e4\u00e4k\u00e4rit\"}]},{\"@type\":\"WebSite\",\"@id\":\"https:\/\/primadent.ee\/#website\",\"url\":\"https:\/\/primadent.ee\/\",\"name\":\"Primadent Hambaravi\",\"description\":\"Eurodent Hambaravi O&Uuml;\",\"publisher\":{\"@id\":\"https:\/\/primadent.ee\/#organization\"},\"potentialAction\":[{\"@type\":\"SearchAction\",\"target\":{\"@type\":\"EntryPoint\",\"urlTemplate\":\"https:\/\/primadent.ee\/?s={search_term_string}\"},\"query-input\":{\"@type\":\"PropertyValueSpecification\",\"valueRequired\":true,\"valueName\":\"search_term_string\"}}],\"inLanguage\":\"fi\"},{\"@type\":\"Organization\",\"@id\":\"https:\/\/primadent.ee\/#organization\",\"name\":\"Primadent\",\"url\":\"https:\/\/primadent.ee\/\",\"logo\":{\"@type\":\"ImageObject\",\"inLanguage\":\"fi\",\"@id\":\"https:\/\/primadent.ee\/#\/schema\/logo\/image\/\",\"url\":\"https:\/\/primadent.ee\/wp-content\/uploads\/2022\/04\/primadent.jpg\",\"contentUrl\":\"https:\/\/primadent.ee\/wp-content\/uploads\/2022\/04\/primadent.jpg\",\"width\":370,\"height\":370,\"caption\":\"Primadent\"},\"image\":{\"@id\":\"https:\/\/primadent.ee\/#\/schema\/logo\/image\/\"},\"sameAs\":[\"https:\/\/www.facebook.com\/Primadent-Hambaravi-106842458545569\"]}]}<\/script>\n<!-- \/ Yoast SEO plugin. -->","yoast_head_json":{"title":"L\u00e4\u00e4k\u00e4rit - Primadent Hambaravi","robots":{"index":"index","follow":"follow","max-snippet":"max-snippet:-1","max-image-preview":"max-image-preview:large","max-video-preview":"max-video-preview:-1"},"canonical":"https:\/\/primadent.ee\/fi\/laakarit\/","og_locale":"fi_FI","og_type":"article","og_title":"L\u00e4\u00e4k\u00e4rit - Primadent Hambaravi","og_description":"[vc_row hide_bg_image_on_tablet=&#8221;&#8221; hide_bg_image_on_mobile=&#8221;&#8221;][vc_column][\/vc_column][\/vc_row]","og_url":"https:\/\/primadent.ee\/fi\/laakarit\/","og_site_name":"Primadent Hambaravi","article_publisher":"https:\/\/www.facebook.com\/Primadent-Hambaravi-106842458545569","article_modified_time":"2024-09-05T10:53:26+00:00","twitter_card":"summary_large_image","schema":{"@context":"https:\/\/schema.org","@graph":[{"@type":"WebPage","@id":"https:\/\/primadent.ee\/fi\/laakarit\/","url":"https:\/\/primadent.ee\/fi\/laakarit\/","name":"L\u00e4\u00e4k\u00e4rit - Primadent Hambaravi","isPartOf":{"@id":"https:\/\/primadent.ee\/#website"},"datePublished":"2018-11-16T14:00:38+00:00","dateModified":"2024-09-05T10:53:26+00:00","breadcrumb":{"@id":"https:\/\/primadent.ee\/fi\/laakarit\/#breadcrumb"},"inLanguage":"fi","potentialAction":[{"@type":"ReadAction","target":["https:\/\/primadent.ee\/fi\/laakarit\/"]}]},{"@type":"BreadcrumbList","@id":"https:\/\/primadent.ee\/fi\/laakarit\/#breadcrumb","itemListElement":[{"@type":"ListItem","position":1,"name":"Home","item":"https:\/\/primadent.ee\/fi\/avaleht\/"},{"@type":"ListItem","position":2,"name":"L\u00e4\u00e4k\u00e4rit"}]},{"@type":"WebSite","@id":"https:\/\/primadent.ee\/#website","url":"https:\/\/primadent.ee\/","name":"Primadent Hambaravi","description":"Eurodent Hambaravi O&Uuml;","publisher":{"@id":"https:\/\/primadent.ee\/#organization"},"potentialAction":[{"@type":"SearchAction","target":{"@type":"EntryPoint","urlTemplate":"https:\/\/primadent.ee\/?s={search_term_string}"},"query-input":{"@type":"PropertyValueSpecification","valueRequired":true,"valueName":"search_term_string"}}],"inLanguage":"fi"},{"@type":"Organization","@id":"https:\/\/primadent.ee\/#organization","name":"Primadent","url":"https:\/\/primadent.ee\/","logo":{"@type":"ImageObject","inLanguage":"fi","@id":"https:\/\/primadent.ee\/#\/schema\/logo\/image\/","url":"https:\/\/primadent.ee\/wp-content\/uploads\/2022\/04\/primadent.jpg","contentUrl":"https:\/\/primadent.ee\/wp-content\/uploads\/2022\/04\/primadent.jpg","width":370,"height":370,"caption":"Primadent"},"image":{"@id":"https:\/\/primadent.ee\/#\/schema\/logo\/image\/"},"sameAs":["https:\/\/www.facebook.com\/Primadent-Hambaravi-106842458545569"]}]}},"_links":{"self":[{"href":"https:\/\/primadent.ee\/fi\/wp-json\/wp\/v2\/pages\/1275","targetHints":{"allow":["GET"]}}],"collection":[{"href":"https:\/\/primadent.ee\/fi\/wp-json\/wp\/v2\/pages"}],"about":[{"href":"https:\/\/primadent.ee\/fi\/wp-json\/wp\/v2\/types\/page"}],"author":[{"embeddable":true,"href":"https:\/\/primadent.ee\/fi\/wp-json\/wp\/v2\/users\/1"}],"replies":[{"embeddable":true,"href":"https:\/\/primadent.ee\/fi\/wp-json\/wp\/v2\/comments?post=1275"}],"version-history":[{"count":3,"href":"https:\/\/primadent.ee\/fi\/wp-json\/wp\/v2\/pages\/1275\/revisions"}],"predecessor-version":[{"id":1953,"href":"https:\/\/primadent.ee\/fi\/wp-json\/wp\/v2\/pages\/1275\/revisions\/1953"}],"wp:attachment":[{"href":"https:\/\/primadent.ee\/fi\/wp-json\/wp\/v2\/media?parent=1275"}],"curies":[{"name":"wp","href":"https:\/\/api.w.org\/{rel}","templated":true}]}}