{"id":1285,"date":"2018-11-16T14:11:34","date_gmt":"2018-11-16T14:11:34","guid":{"rendered":"https:\/\/primadent.ee\/?page_id=1285"},"modified":"2018-12-07T13:16:58","modified_gmt":"2018-12-07T13:16:58","slug":"meista","status":"publish","type":"page","link":"https:\/\/primadent.ee\/fi\/meista\/","title":{"rendered":"Meist\u00e4"},"content":{"rendered":"<div class=\"wpb-content-wrapper\"><p>[vc_row full_width=&#8221;stretch_row_content_no_spaces&#8221; equal_height=&#8221;yes&#8221; hide_bg_image_on_tablet=&#8221;&#8221; hide_bg_image_on_mobile=&#8221;&#8221;][vc_column css_animation=&#8221;zoomIn&#8221; width=&#8221;5\/12&#8243; hide_bg_image_on_tablet=&#8221;&#8221; hide_bg_image_on_mobile=&#8221;&#8221; css=&#8221;.vc_custom_1535712571850{background-image: url(https:\/\/primadent.ee\/wp-content\/uploads\/2018\/08\/Pilt-meist-1.jpg?id=889) !important;background-position: center !important;background-repeat: no-repeat !important;background-size: cover !important;}&#8221; offset=&#8221;vc_hidden-xs&#8221;][\/vc_column][vc_column width=&#8221;1\/2&#8243; offset=&#8221;vc_col-md-7 vc_col-sm-offset-0 vc_col-xs-offset-1 vc_col-xs-10&#8243;]<div id=\"\"\n\t\tclass=\"sc_content color_style_default sc_content_default sc_content_width_1_2 sc_float_left sc_shift_x_large\"><div class=\"sc_content_container\">[vc_empty_space alter_height=&#8221;medium&#8221; hide_on_desktop=&#8221;&#8221; hide_on_notebook=&#8221;&#8221; hide_on_tablet=&#8221;&#8221; hide_on_mobile=&#8221;&#8221; css=&#8221;.vc_custom_1505229084692{margin-top: -0.25rem !important;}&#8221;][vc_empty_space alter_height=&#8221;huge&#8221; hide_on_desktop=&#8221;&#8221; hide_on_notebook=&#8221;&#8221; hide_on_tablet=&#8221;&#8221; hide_on_mobile=&#8221;&#8221;]<div id=\"\"\n\t\tclass=\"sc_title color_style_default sc_title_default\"><h6 class=\"sc_item_subtitle sc_title_subtitle sc_align_left sc_item_title_style_default\">Tervetuloa meid\u00e4n uudelle kotisivulle<\/h6><\/div><!-- \/.sc_title -->[vc_empty_space hide_on_desktop=&#8221;&#8221; hide_on_notebook=&#8221;&#8221; hide_on_tablet=&#8221;&#8221; hide_on_mobile=&#8221;&#8221; css=&#8221;.vc_custom_1505229134124{margin-top: 0.5rem !important;}&#8221;]<div id=\"\"\n\t\tclass=\"sc_title color_style_default sc_title_default\"><h3 class=\"sc_item_title sc_title_title sc_align_left sc_item_title_style_default\">Primadent Hambaravi<\/h3><div class=\"sc_item_descr sc_title_descr sc_align_left\"><p>EURODENT HAMBARAVI O\u00dc ilmoittaa, ett\u00e4 elokuusta 2018 l\u00e4htien on meid\u00e4n uusi toiminimi PRIMADENT.<\/p>\n<p>Primadent Hambaravi (Eurodent Hambaravi O\u00dc kaupparek.nro 11110298) jatkaa toimintaa osoitteessa Ahtri 6A, sis\u00e4\u00e4nk\u00e4ynti rakennuksen pys\u00e4k\u00f6intialueen puolella katutasosta.<\/p>\n<p>PRIMADENT:in uusi verkkovarausj\u00e4rjestelm\u00e4 toimii nyt t\u00e4ll\u00e4 kotisivulla. Klinikan vastaanoton puhelinnumero on (+372) 6035335.<\/p>\n<p>Palvelut asiakkaille jatkuvat samoille perusteilla kuten aikaisemmin. Kaikki olemassa olevat ja tulevat asiakkaat ovat l\u00e4mpim\u00e4sti tervetulleita!<\/p>\n<\/div><\/div><!-- \/.sc_title -->[vc_empty_space alter_height=&#8221;huge&#8221; hide_on_desktop=&#8221;&#8221; hide_on_notebook=&#8221;&#8221; hide_on_tablet=&#8221;&#8221; hide_on_mobile=&#8221;&#8221;][vc_empty_space hide_on_desktop=&#8221;&#8221; hide_on_notebook=&#8221;&#8221; hide_on_tablet=&#8221;&#8221; hide_on_mobile=&#8221;&#8221; css=&#8221;.vc_custom_1505229416278{margin-top: 0.35rem !important;}&#8221;]<\/div><\/div><!-- \/.sc_content -->[\/vc_column][\/vc_row][vc_row full_width=&#8221;stretch_row&#8221; css=&#8221;.vc_custom_1499264732518{background-color: #f4f7f7 !important;}&#8221;][vc_column][vc_empty_space alter_height=&#8221;medium&#8221; hide_on_desktop=&#8221;&#8221; hide_on_notebook=&#8221;&#8221; hide_on_tablet=&#8221;&#8221; hide_on_mobile=&#8221;&#8221; css=&#8221;.vc_custom_1505286998282{margin-top: -0.4rem !important;}&#8221;][vc_empty_space alter_height=&#8221;huge&#8221; hide_on_desktop=&#8221;&#8221; hide_on_notebook=&#8221;&#8221; hide_on_tablet=&#8221;&#8221; hide_on_mobile=&#8221;&#8221;]<div id=\"\"\n\t\tclass=\"sc_title color_style_default sc_title_default\"><h3 class=\"sc_item_title sc_title_title sc_align_center sc_item_title_style_default\">Olet aina tervetullut!<\/h3><\/div><!-- \/.sc_title -->[vc_empty_space alter_height=&#8221;medium&#8221; hide_on_desktop=&#8221;&#8221; hide_on_notebook=&#8221;&#8221; hide_on_tablet=&#8221;&#8221; hide_on_mobile=&#8221;&#8221; css=&#8221;.vc_custom_1505287026469{margin-top: 0.8rem !important;}&#8221;]<div id=\"\" \n\tclass=\"sc_icons sc_icons_default sc_icons_size_small sc_align_center\"><div class=\"sc_icons_columns_wrap sc_item_columns trx_addons_columns_wrap columns_padding_bottom\"><div class=\"trx_addons_column-1_4\"><div class=\"sc_icons_item\"><div id=\"_icon-icon7\" class=\"sc_icons_icon sc_icon_type_ icon-icon7\"\n\t\t\t\t\t\t\t\t\t\t\t\t><span class=\"sc_icon_type_ icon-icon7\"><\/span><\/div><div class=\"sc_icons_item_description\"><span>Ahtri 6A, Tallinn<\/span><span>Eurodent Hambaravi O\u00dc<\/span><\/div><\/div><\/div><div class=\"trx_addons_column-1_4\"><div class=\"sc_icons_item sc_icons_item_linked\"><div id=\"_icon-icon8\" class=\"sc_icons_icon sc_icon_type_ icon-icon8\"\n\t\t\t\t\t\t\t\t\t\t\t\t><span class=\"sc_icon_type_ icon-icon8\"><\/span><\/div><div class=\"sc_icons_item_description\"><span>+372 603 5335<\/span><\/div><a href=\"tel:+3726035335\" class=\"sc_icons_item_link\"><\/a><\/div><\/div><div class=\"trx_addons_column-1_4\"><div class=\"sc_icons_item sc_icons_item_linked\"><div id=\"_icon-icon9\" class=\"sc_icons_icon sc_icon_type_ icon-icon9\"\n\t\t\t\t\t\t\t\t\t\t\t\t><span class=\"sc_icon_type_ icon-icon9\"><\/span><\/div><div class=\"sc_icons_item_description\"><span>info@primadent.ee<\/span><\/div><a href=\"mailto:info@primadent.ee\" class=\"sc_icons_item_link\"><\/a><\/div><\/div><div class=\"trx_addons_column-1_4\"><div class=\"sc_icons_item\"><div id=\"_icon-icon10\" class=\"sc_icons_icon sc_icon_type_ icon-icon10\"\n\t\t\t\t\t\t\t\t\t\t\t\t><span class=\"sc_icon_type_ icon-icon10\"><\/span><\/div><div class=\"sc_icons_item_description\"><span>Ma \u2013 pe klo 9:00 - 17:00<\/span><span>La, Su Suljettu<\/span><\/div><\/div><\/div><\/div><\/div><!-- \/.sc_icons -->[vc_empty_space hide_on_desktop=&#8221;&#8221; hide_on_notebook=&#8221;&#8221; hide_on_tablet=&#8221;&#8221; hide_on_mobile=&#8221;&#8221;][vc_empty_space alter_height=&#8221;huge&#8221; hide_on_desktop=&#8221;&#8221; hide_on_notebook=&#8221;&#8221; hide_on_tablet=&#8221;&#8221; hide_on_mobile=&#8221;&#8221;][\/vc_column][\/vc_row]<\/p>\n<\/div>","protected":false},"excerpt":{"rendered":"<p>[vc_row full_width=&#8221;stretch_row_content_no_spaces&#8221; equal_height=&#8221;yes&#8221; hide_bg_image_on_tablet=&#8221;&#8221; hide_bg_image_on_mobile=&#8221;&#8221;][vc_column css_animation=&#8221;zoomIn&#8221; width=&#8221;5\/12&#8243; hide_bg_image_on_tablet=&#8221;&#8221; hide_bg_image_on_mobile=&#8221;&#8221; css=&#8221;.vc_custom_1535712571850{background-image: url(https:\/\/primadent.ee\/wp-content\/uploads\/2018\/08\/Pilt-meist-1.jpg?id=889) !important;background-position: center !important;background-repeat: no-repeat !important;background-size: cover !important;}&#8221; offset=&#8221;vc_hidden-xs&#8221;][\/vc_column][vc_column width=&#8221;1\/2&#8243; offset=&#8221;vc_col-md-7 vc_col-sm-offset-0 vc_col-xs-offset-1 vc_col-xs-10&#8243;][\/vc_column][\/vc_row][vc_row full_width=&#8221;stretch_row&#8221; css=&#8221;.vc_custom_1499264732518{background-color: #f4f7f7 !important;}&#8221;][vc_column][vc_empty_space alter_height=&#8221;medium&#8221; hide_on_desktop=&#8221;&#8221; hide_on_notebook=&#8221;&#8221; hide_on_tablet=&#8221;&#8221; hide_on_mobile=&#8221;&#8221; css=&#8221;.vc_custom_1505286998282{margin-top: -0.4rem !important;}&#8221;][vc_empty_space alter_height=&#8221;huge&#8221; hide_on_desktop=&#8221;&#8221; hide_on_notebook=&#8221;&#8221; hide_on_tablet=&#8221;&#8221; hide_on_mobile=&#8221;&#8221;][vc_empty_space alter_height=&#8221;medium&#8221; hide_on_desktop=&#8221;&#8221; hide_on_notebook=&#8221;&#8221; hide_on_tablet=&#8221;&#8221; hide_on_mobile=&#8221;&#8221; css=&#8221;.vc_custom_1505287026469{margin-top: 0.8rem !important;}&#8221;][vc_empty_space hide_on_desktop=&#8221;&#8221; hide_on_notebook=&#8221;&#8221; hide_on_tablet=&#8221;&#8221; hide_on_mobile=&#8221;&#8221;][vc_empty_space alter_height=&#8221;huge&#8221; hide_on_desktop=&#8221;&#8221; hide_on_notebook=&#8221;&#8221; hide_on_tablet=&#8221;&#8221; hide_on_mobile=&#8221;&#8221;][\/vc_column][\/vc_row]<\/p>\n","protected":false},"author":1,"featured_media":0,"parent":0,"menu_order":0,"comment_status":"closed","ping_status":"closed","template":"","meta":{"footnotes":""},"class_list":["post-1285","page","type-page","status-publish","hentry"],"yoast_head":"<!-- This site is optimized with the Yoast SEO plugin v27.1.1 - https:\/\/yoast.com\/product\/yoast-seo-wordpress\/ -->\n<title>Meist\u00e4 - Primadent Hambaravi<\/title>\n<meta name=\"robots\" content=\"index, follow, max-snippet:-1, max-image-preview:large, max-video-preview:-1\" \/>\n<link rel=\"canonical\" href=\"https:\/\/primadent.ee\/meist\/\" \/>\n<meta property=\"og:locale\" content=\"fi_FI\" \/>\n<meta property=\"og:type\" content=\"article\" \/>\n<meta property=\"og:title\" content=\"Meist\u00e4 - Primadent Hambaravi\" \/>\n<meta property=\"og:description\" content=\"[vc_row full_width=&#8221;stretch_row_content_no_spaces&#8221; equal_height=&#8221;yes&#8221; hide_bg_image_on_tablet=&#8221;&#8221; hide_bg_image_on_mobile=&#8221;&#8221;][vc_column css_animation=&#8221;zoomIn&#8221; width=&#8221;5\/12&#8243; hide_bg_image_on_tablet=&#8221;&#8221; hide_bg_image_on_mobile=&#8221;&#8221; css=&#8221;.vc_custom_1535712571850{background-image: url(https:\/\/primadent.ee\/wp-content\/uploads\/2018\/08\/Pilt-meist-1.jpg?id=889) !important;background-position: center !important;background-repeat: no-repeat !important;background-size: cover !important;}&#8221; offset=&#8221;vc_hidden-xs&#8221;][\/vc_column][vc_column width=&#8221;1\/2&#8243; offset=&#8221;vc_col-md-7 vc_col-sm-offset-0 vc_col-xs-offset-1 vc_col-xs-10&#8243;][\/vc_column][\/vc_row][vc_row full_width=&#8221;stretch_row&#8221; css=&#8221;.vc_custom_1499264732518{background-color: #f4f7f7 !important;}&#8221;][vc_column][vc_empty_space alter_height=&#8221;medium&#8221; hide_on_desktop=&#8221;&#8221; hide_on_notebook=&#8221;&#8221; hide_on_tablet=&#8221;&#8221; hide_on_mobile=&#8221;&#8221; css=&#8221;.vc_custom_1505286998282{margin-top: -0.4rem !important;}&#8221;][vc_empty_space alter_height=&#8221;huge&#8221; hide_on_desktop=&#8221;&#8221; hide_on_notebook=&#8221;&#8221; hide_on_tablet=&#8221;&#8221; hide_on_mobile=&#8221;&#8221;][vc_empty_space alter_height=&#8221;medium&#8221; hide_on_desktop=&#8221;&#8221; hide_on_notebook=&#8221;&#8221; hide_on_tablet=&#8221;&#8221; hide_on_mobile=&#8221;&#8221; css=&#8221;.vc_custom_1505287026469{margin-top: 0.8rem !important;}&#8221;][vc_empty_space hide_on_desktop=&#8221;&#8221; hide_on_notebook=&#8221;&#8221; hide_on_tablet=&#8221;&#8221; hide_on_mobile=&#8221;&#8221;][vc_empty_space alter_height=&#8221;huge&#8221; hide_on_desktop=&#8221;&#8221; hide_on_notebook=&#8221;&#8221; hide_on_tablet=&#8221;&#8221; hide_on_mobile=&#8221;&#8221;][\/vc_column][\/vc_row]\" \/>\n<meta property=\"og:url\" content=\"https:\/\/primadent.ee\/meist\/\" \/>\n<meta property=\"og:site_name\" content=\"Primadent Hambaravi\" \/>\n<meta property=\"article:publisher\" content=\"https:\/\/www.facebook.com\/Primadent-Hambaravi-106842458545569\" \/>\n<meta property=\"article:modified_time\" content=\"2018-12-07T13:16:58+00:00\" \/>\n<meta name=\"twitter:card\" content=\"summary_large_image\" \/>\n<meta name=\"twitter:label1\" content=\"Arvioitu lukuaika\" \/>\n\t<meta name=\"twitter:data1\" content=\"3 minuuttia\" \/>\n<script type=\"application\/ld+json\" class=\"yoast-schema-graph\">{\"@context\":\"https:\/\/schema.org\",\"@graph\":[{\"@type\":\"WebPage\",\"@id\":\"https:\/\/primadent.ee\/meist\/\",\"url\":\"https:\/\/primadent.ee\/meist\/\",\"name\":\"Meist\u00e4 - Primadent Hambaravi\",\"isPartOf\":{\"@id\":\"https:\/\/primadent.ee\/#website\"},\"datePublished\":\"2018-11-16T14:11:34+00:00\",\"dateModified\":\"2018-12-07T13:16:58+00:00\",\"breadcrumb\":{\"@id\":\"https:\/\/primadent.ee\/meist\/#breadcrumb\"},\"inLanguage\":\"fi\",\"potentialAction\":[{\"@type\":\"ReadAction\",\"target\":[\"https:\/\/primadent.ee\/meist\/\"]}]},{\"@type\":\"BreadcrumbList\",\"@id\":\"https:\/\/primadent.ee\/meist\/#breadcrumb\",\"itemListElement\":[{\"@type\":\"ListItem\",\"position\":1,\"name\":\"Home\",\"item\":\"https:\/\/primadent.ee\/fi\/avaleht\/\"},{\"@type\":\"ListItem\",\"position\":2,\"name\":\"Meist\u00e4\"}]},{\"@type\":\"WebSite\",\"@id\":\"https:\/\/primadent.ee\/#website\",\"url\":\"https:\/\/primadent.ee\/\",\"name\":\"Primadent Hambaravi\",\"description\":\"Eurodent Hambaravi O&Uuml;\",\"publisher\":{\"@id\":\"https:\/\/primadent.ee\/#organization\"},\"potentialAction\":[{\"@type\":\"SearchAction\",\"target\":{\"@type\":\"EntryPoint\",\"urlTemplate\":\"https:\/\/primadent.ee\/?s={search_term_string}\"},\"query-input\":{\"@type\":\"PropertyValueSpecification\",\"valueRequired\":true,\"valueName\":\"search_term_string\"}}],\"inLanguage\":\"fi\"},{\"@type\":\"Organization\",\"@id\":\"https:\/\/primadent.ee\/#organization\",\"name\":\"Primadent\",\"url\":\"https:\/\/primadent.ee\/\",\"logo\":{\"@type\":\"ImageObject\",\"inLanguage\":\"fi\",\"@id\":\"https:\/\/primadent.ee\/#\/schema\/logo\/image\/\",\"url\":\"https:\/\/primadent.ee\/wp-content\/uploads\/2022\/04\/primadent.jpg\",\"contentUrl\":\"https:\/\/primadent.ee\/wp-content\/uploads\/2022\/04\/primadent.jpg\",\"width\":370,\"height\":370,\"caption\":\"Primadent\"},\"image\":{\"@id\":\"https:\/\/primadent.ee\/#\/schema\/logo\/image\/\"},\"sameAs\":[\"https:\/\/www.facebook.com\/Primadent-Hambaravi-106842458545569\"]}]}<\/script>\n<!-- \/ Yoast SEO plugin. -->","yoast_head_json":{"title":"Meist\u00e4 - Primadent Hambaravi","robots":{"index":"index","follow":"follow","max-snippet":"max-snippet:-1","max-image-preview":"max-image-preview:large","max-video-preview":"max-video-preview:-1"},"canonical":"https:\/\/primadent.ee\/meist\/","og_locale":"fi_FI","og_type":"article","og_title":"Meist\u00e4 - Primadent Hambaravi","og_description":"[vc_row full_width=&#8221;stretch_row_content_no_spaces&#8221; equal_height=&#8221;yes&#8221; hide_bg_image_on_tablet=&#8221;&#8221; hide_bg_image_on_mobile=&#8221;&#8221;][vc_column css_animation=&#8221;zoomIn&#8221; width=&#8221;5\/12&#8243; hide_bg_image_on_tablet=&#8221;&#8221; hide_bg_image_on_mobile=&#8221;&#8221; css=&#8221;.vc_custom_1535712571850{background-image: url(https:\/\/primadent.ee\/wp-content\/uploads\/2018\/08\/Pilt-meist-1.jpg?id=889) !important;background-position: center !important;background-repeat: no-repeat !important;background-size: cover !important;}&#8221; offset=&#8221;vc_hidden-xs&#8221;][\/vc_column][vc_column width=&#8221;1\/2&#8243; offset=&#8221;vc_col-md-7 vc_col-sm-offset-0 vc_col-xs-offset-1 vc_col-xs-10&#8243;][\/vc_column][\/vc_row][vc_row full_width=&#8221;stretch_row&#8221; css=&#8221;.vc_custom_1499264732518{background-color: #f4f7f7 !important;}&#8221;][vc_column][vc_empty_space alter_height=&#8221;medium&#8221; hide_on_desktop=&#8221;&#8221; hide_on_notebook=&#8221;&#8221; hide_on_tablet=&#8221;&#8221; hide_on_mobile=&#8221;&#8221; css=&#8221;.vc_custom_1505286998282{margin-top: -0.4rem !important;}&#8221;][vc_empty_space alter_height=&#8221;huge&#8221; hide_on_desktop=&#8221;&#8221; hide_on_notebook=&#8221;&#8221; hide_on_tablet=&#8221;&#8221; hide_on_mobile=&#8221;&#8221;][vc_empty_space alter_height=&#8221;medium&#8221; hide_on_desktop=&#8221;&#8221; hide_on_notebook=&#8221;&#8221; hide_on_tablet=&#8221;&#8221; hide_on_mobile=&#8221;&#8221; css=&#8221;.vc_custom_1505287026469{margin-top: 0.8rem !important;}&#8221;][vc_empty_space hide_on_desktop=&#8221;&#8221; hide_on_notebook=&#8221;&#8221; hide_on_tablet=&#8221;&#8221; hide_on_mobile=&#8221;&#8221;][vc_empty_space alter_height=&#8221;huge&#8221; hide_on_desktop=&#8221;&#8221; hide_on_notebook=&#8221;&#8221; hide_on_tablet=&#8221;&#8221; hide_on_mobile=&#8221;&#8221;][\/vc_column][\/vc_row]","og_url":"https:\/\/primadent.ee\/meist\/","og_site_name":"Primadent Hambaravi","article_publisher":"https:\/\/www.facebook.com\/Primadent-Hambaravi-106842458545569","article_modified_time":"2018-12-07T13:16:58+00:00","twitter_card":"summary_large_image","twitter_misc":{"Arvioitu lukuaika":"3 minuuttia"},"schema":{"@context":"https:\/\/schema.org","@graph":[{"@type":"WebPage","@id":"https:\/\/primadent.ee\/meist\/","url":"https:\/\/primadent.ee\/meist\/","name":"Meist\u00e4 - Primadent Hambaravi","isPartOf":{"@id":"https:\/\/primadent.ee\/#website"},"datePublished":"2018-11-16T14:11:34+00:00","dateModified":"2018-12-07T13:16:58+00:00","breadcrumb":{"@id":"https:\/\/primadent.ee\/meist\/#breadcrumb"},"inLanguage":"fi","potentialAction":[{"@type":"ReadAction","target":["https:\/\/primadent.ee\/meist\/"]}]},{"@type":"BreadcrumbList","@id":"https:\/\/primadent.ee\/meist\/#breadcrumb","itemListElement":[{"@type":"ListItem","position":1,"name":"Home","item":"https:\/\/primadent.ee\/fi\/avaleht\/"},{"@type":"ListItem","position":2,"name":"Meist\u00e4"}]},{"@type":"WebSite","@id":"https:\/\/primadent.ee\/#website","url":"https:\/\/primadent.ee\/","name":"Primadent Hambaravi","description":"Eurodent Hambaravi O&Uuml;","publisher":{"@id":"https:\/\/primadent.ee\/#organization"},"potentialAction":[{"@type":"SearchAction","target":{"@type":"EntryPoint","urlTemplate":"https:\/\/primadent.ee\/?s={search_term_string}"},"query-input":{"@type":"PropertyValueSpecification","valueRequired":true,"valueName":"search_term_string"}}],"inLanguage":"fi"},{"@type":"Organization","@id":"https:\/\/primadent.ee\/#organization","name":"Primadent","url":"https:\/\/primadent.ee\/","logo":{"@type":"ImageObject","inLanguage":"fi","@id":"https:\/\/primadent.ee\/#\/schema\/logo\/image\/","url":"https:\/\/primadent.ee\/wp-content\/uploads\/2022\/04\/primadent.jpg","contentUrl":"https:\/\/primadent.ee\/wp-content\/uploads\/2022\/04\/primadent.jpg","width":370,"height":370,"caption":"Primadent"},"image":{"@id":"https:\/\/primadent.ee\/#\/schema\/logo\/image\/"},"sameAs":["https:\/\/www.facebook.com\/Primadent-Hambaravi-106842458545569"]}]}},"_links":{"self":[{"href":"https:\/\/primadent.ee\/fi\/wp-json\/wp\/v2\/pages\/1285","targetHints":{"allow":["GET"]}}],"collection":[{"href":"https:\/\/primadent.ee\/fi\/wp-json\/wp\/v2\/pages"}],"about":[{"href":"https:\/\/primadent.ee\/fi\/wp-json\/wp\/v2\/types\/page"}],"author":[{"embeddable":true,"href":"https:\/\/primadent.ee\/fi\/wp-json\/wp\/v2\/users\/1"}],"replies":[{"embeddable":true,"href":"https:\/\/primadent.ee\/fi\/wp-json\/wp\/v2\/comments?post=1285"}],"version-history":[{"count":5,"href":"https:\/\/primadent.ee\/fi\/wp-json\/wp\/v2\/pages\/1285\/revisions"}],"predecessor-version":[{"id":1377,"href":"https:\/\/primadent.ee\/fi\/wp-json\/wp\/v2\/pages\/1285\/revisions\/1377"}],"wp:attachment":[{"href":"https:\/\/primadent.ee\/fi\/wp-json\/wp\/v2\/media?parent=1285"}],"curies":[{"name":"wp","href":"https:\/\/api.w.org\/{rel}","templated":true}]}}