{"id":1975,"date":"2024-09-06T08:41:45","date_gmt":"2024-09-06T05:41:45","guid":{"rendered":"https:\/\/primadent.ee\/valitusten-ratkaisemisjarjestys\/"},"modified":"2024-09-06T08:43:56","modified_gmt":"2024-09-06T05:43:56","slug":"valitusten-ratkaisemisjarjestys","status":"publish","type":"page","link":"https:\/\/primadent.ee\/fi\/tiedot\/valitusten-ratkaisemisjarjestys\/","title":{"rendered":"Valitusten ratkaisemisj\u00e4rjestys"},"content":{"rendered":"<p>Valituksia voi esitt\u00e4\u00e4 kirjallisesti vapaamuotoisesti ja l\u00e4hett\u00e4\u00e4 joko s\u00e4hk\u00f6postilla, klinikalla paikan p\u00e4\u00e4ll\u00e4 tai postitse: <\/p>\n<ul>\n<li>S\u00e4hk\u00f6posti: <a href=\"mailto:info@primadent.ee\">info@primadent.ee<\/a><\/li>\n<li>Postiosoite: Ahtri 6a, Tallinna, 10151<\/li>\n<\/ul>\n<p> Jos valitus tehd\u00e4\u00e4n puhelimitse, vastaanottosihteeri rekister\u00f6i sen t\u00e4ytt\u00e4m\u00e4ll\u00e4 asiaankuuluvan lomakkeen ja v\u00e4litt\u00e4\u00e4 sen laitoksen johtajalle.<br \/>Valituksessa on mainittava valittajan nimi ja valituksen syyn\u00e4 oleva asia.<br \/>Valitusten k\u00e4sittelyyn osallistuu klinikan johtaja tai vastuul\u00e4\u00e4k\u00e4ri.<br \/>Kaikki valitukset rekister\u00f6id\u00e4\u00e4n ja s\u00e4ilytet\u00e4\u00e4n valitusten kansiossa.<br \/>Kaikille valituksille vastataan viimeist\u00e4\u00e4n 10 p\u00e4iv\u00e4n kuluessa valituksen tekemisest\u00e4.<br \/>Jos k\u00e4sittely vie enemm\u00e4n aikaa, valituksen tekij\u00e4\u00e4 informoidaan uudesta m\u00e4\u00e4r\u00e4ajasta.<br \/>Vastaus l\u00e4hetet\u00e4\u00e4n valituksen tekij\u00e4lle h\u00e4nen antamaansa osoitteeseen.<br \/>Anonyymej\u00e4 valituksia ei k\u00e4sitell\u00e4.<\/p>\n<p>Jos valituksen tekij\u00e4 ei ole tyytyv\u00e4inen tarjottuun ratkaisuun, h\u00e4nell\u00e4 on oikeus k\u00e4\u00e4nty\u00e4:         <\/p>\n<ul>\n<li style=\"list-style-type: none;\">\n<ul>\n<li>Terveydenhuoltoalan virastoon (s\u00e4hk\u00f6posti: <a href=\"mailto:kesk@terviseamet.ee\">kesk@terviseamet.ee<\/a>, puhelin: 6943500)<\/li>\n<li>Eestin Terveyspalveluun (s\u00e4hk\u00f6posti:<a href=\"mailto:info@tervisekassa.ee\"> info@tervisekassa.ee<\/a>, puhelin: (+372) 6696630)<\/li>\n<\/ul>\n<\/li>\n<\/ul>\n<p>&nbsp;<\/p>\n","protected":false},"excerpt":{"rendered":"<p>Valituksia voi esitt\u00e4\u00e4 kirjallisesti vapaamuotoisesti ja l\u00e4hett\u00e4\u00e4 joko s\u00e4hk\u00f6postilla, klinikalla paikan p\u00e4\u00e4ll\u00e4 tai postitse: S\u00e4hk\u00f6posti: info@primadent.ee Postiosoite: Ahtri 6a, Tallinna, 10151 Jos valitus tehd\u00e4\u00e4n puhelimitse, vastaanottosihteeri rekister\u00f6i sen t\u00e4ytt\u00e4m\u00e4ll\u00e4 asiaankuuluvan lomakkeen ja v\u00e4litt\u00e4\u00e4 sen laitoksen johtajalle.Valituksessa on mainittava valittajan nimi ja valituksen syyn\u00e4 oleva asia.Valitusten k\u00e4sittelyyn osallistuu klinikan johtaja tai vastuul\u00e4\u00e4k\u00e4ri.Kaikki valitukset rekister\u00f6id\u00e4\u00e4n ja s\u00e4ilytet\u00e4\u00e4n valitusten kansiossa.Kaikille valituksille vastataan viimeist\u00e4\u00e4n&hellip;<\/p>\n","protected":false},"author":1,"featured_media":0,"parent":1978,"menu_order":0,"comment_status":"closed","ping_status":"closed","template":"","meta":{"footnotes":""},"class_list":["post-1975","page","type-page","status-publish","hentry"],"yoast_head":"<!-- This site is optimized with the Yoast SEO plugin v27.1.1 - https:\/\/yoast.com\/product\/yoast-seo-wordpress\/ -->\n<title>Valitusten ratkaisemisj\u00e4rjestys - Primadent Hambaravi<\/title>\n<meta name=\"robots\" content=\"index, follow, max-snippet:-1, max-image-preview:large, max-video-preview:-1\" \/>\n<link rel=\"canonical\" href=\"https:\/\/primadent.ee\/fi\/tiedot\/valitusten-ratkaisemisjarjestys\/\" \/>\n<meta property=\"og:locale\" content=\"fi_FI\" \/>\n<meta property=\"og:type\" content=\"article\" \/>\n<meta property=\"og:title\" content=\"Valitusten ratkaisemisj\u00e4rjestys - Primadent Hambaravi\" \/>\n<meta property=\"og:description\" content=\"Valituksia voi esitt\u00e4\u00e4 kirjallisesti vapaamuotoisesti ja l\u00e4hett\u00e4\u00e4 joko s\u00e4hk\u00f6postilla, klinikalla paikan p\u00e4\u00e4ll\u00e4 tai postitse: S\u00e4hk\u00f6posti: info@primadent.ee Postiosoite: Ahtri 6a, Tallinna, 10151 Jos valitus tehd\u00e4\u00e4n puhelimitse, vastaanottosihteeri rekister\u00f6i sen t\u00e4ytt\u00e4m\u00e4ll\u00e4 asiaankuuluvan lomakkeen ja v\u00e4litt\u00e4\u00e4 sen laitoksen johtajalle.Valituksessa on mainittava valittajan nimi ja valituksen syyn\u00e4 oleva asia.Valitusten k\u00e4sittelyyn osallistuu klinikan johtaja tai vastuul\u00e4\u00e4k\u00e4ri.Kaikki valitukset rekister\u00f6id\u00e4\u00e4n ja s\u00e4ilytet\u00e4\u00e4n valitusten kansiossa.Kaikille valituksille vastataan viimeist\u00e4\u00e4n&hellip;\" \/>\n<meta property=\"og:url\" content=\"https:\/\/primadent.ee\/fi\/tiedot\/valitusten-ratkaisemisjarjestys\/\" \/>\n<meta property=\"og:site_name\" content=\"Primadent Hambaravi\" \/>\n<meta property=\"article:publisher\" content=\"https:\/\/www.facebook.com\/Primadent-Hambaravi-106842458545569\" \/>\n<meta property=\"article:modified_time\" content=\"2024-09-06T05:43:56+00:00\" \/>\n<meta name=\"twitter:card\" content=\"summary_large_image\" \/>\n<meta name=\"twitter:label1\" content=\"Arvioitu lukuaika\" \/>\n\t<meta name=\"twitter:data1\" content=\"1 minuutti\" \/>\n<script type=\"application\/ld+json\" class=\"yoast-schema-graph\">{\"@context\":\"https:\/\/schema.org\",\"@graph\":[{\"@type\":\"WebPage\",\"@id\":\"https:\/\/primadent.ee\/fi\/tiedot\/valitusten-ratkaisemisjarjestys\/\",\"url\":\"https:\/\/primadent.ee\/fi\/tiedot\/valitusten-ratkaisemisjarjestys\/\",\"name\":\"Valitusten ratkaisemisj\u00e4rjestys - Primadent Hambaravi\",\"isPartOf\":{\"@id\":\"https:\/\/primadent.ee\/#website\"},\"datePublished\":\"2024-09-06T05:41:45+00:00\",\"dateModified\":\"2024-09-06T05:43:56+00:00\",\"breadcrumb\":{\"@id\":\"https:\/\/primadent.ee\/fi\/tiedot\/valitusten-ratkaisemisjarjestys\/#breadcrumb\"},\"inLanguage\":\"fi\",\"potentialAction\":[{\"@type\":\"ReadAction\",\"target\":[\"https:\/\/primadent.ee\/fi\/tiedot\/valitusten-ratkaisemisjarjestys\/\"]}]},{\"@type\":\"BreadcrumbList\",\"@id\":\"https:\/\/primadent.ee\/fi\/tiedot\/valitusten-ratkaisemisjarjestys\/#breadcrumb\",\"itemListElement\":[{\"@type\":\"ListItem\",\"position\":1,\"name\":\"Home\",\"item\":\"https:\/\/primadent.ee\/fi\/avaleht\/\"},{\"@type\":\"ListItem\",\"position\":2,\"name\":\"Tiedot\",\"item\":\"https:\/\/primadent.ee\/fi\/tiedot\/\"},{\"@type\":\"ListItem\",\"position\":3,\"name\":\"Valitusten ratkaisemisj\u00e4rjestys\"}]},{\"@type\":\"WebSite\",\"@id\":\"https:\/\/primadent.ee\/#website\",\"url\":\"https:\/\/primadent.ee\/\",\"name\":\"Primadent Hambaravi\",\"description\":\"Eurodent Hambaravi O&Uuml;\",\"publisher\":{\"@id\":\"https:\/\/primadent.ee\/#organization\"},\"potentialAction\":[{\"@type\":\"SearchAction\",\"target\":{\"@type\":\"EntryPoint\",\"urlTemplate\":\"https:\/\/primadent.ee\/?s={search_term_string}\"},\"query-input\":{\"@type\":\"PropertyValueSpecification\",\"valueRequired\":true,\"valueName\":\"search_term_string\"}}],\"inLanguage\":\"fi\"},{\"@type\":\"Organization\",\"@id\":\"https:\/\/primadent.ee\/#organization\",\"name\":\"Primadent\",\"url\":\"https:\/\/primadent.ee\/\",\"logo\":{\"@type\":\"ImageObject\",\"inLanguage\":\"fi\",\"@id\":\"https:\/\/primadent.ee\/#\/schema\/logo\/image\/\",\"url\":\"https:\/\/primadent.ee\/wp-content\/uploads\/2022\/04\/primadent.jpg\",\"contentUrl\":\"https:\/\/primadent.ee\/wp-content\/uploads\/2022\/04\/primadent.jpg\",\"width\":370,\"height\":370,\"caption\":\"Primadent\"},\"image\":{\"@id\":\"https:\/\/primadent.ee\/#\/schema\/logo\/image\/\"},\"sameAs\":[\"https:\/\/www.facebook.com\/Primadent-Hambaravi-106842458545569\"]}]}<\/script>\n<!-- \/ Yoast SEO plugin. -->","yoast_head_json":{"title":"Valitusten ratkaisemisj\u00e4rjestys - Primadent Hambaravi","robots":{"index":"index","follow":"follow","max-snippet":"max-snippet:-1","max-image-preview":"max-image-preview:large","max-video-preview":"max-video-preview:-1"},"canonical":"https:\/\/primadent.ee\/fi\/tiedot\/valitusten-ratkaisemisjarjestys\/","og_locale":"fi_FI","og_type":"article","og_title":"Valitusten ratkaisemisj\u00e4rjestys - Primadent Hambaravi","og_description":"Valituksia voi esitt\u00e4\u00e4 kirjallisesti vapaamuotoisesti ja l\u00e4hett\u00e4\u00e4 joko s\u00e4hk\u00f6postilla, klinikalla paikan p\u00e4\u00e4ll\u00e4 tai postitse: S\u00e4hk\u00f6posti: info@primadent.ee Postiosoite: Ahtri 6a, Tallinna, 10151 Jos valitus tehd\u00e4\u00e4n puhelimitse, vastaanottosihteeri rekister\u00f6i sen t\u00e4ytt\u00e4m\u00e4ll\u00e4 asiaankuuluvan lomakkeen ja v\u00e4litt\u00e4\u00e4 sen laitoksen johtajalle.Valituksessa on mainittava valittajan nimi ja valituksen syyn\u00e4 oleva asia.Valitusten k\u00e4sittelyyn osallistuu klinikan johtaja tai vastuul\u00e4\u00e4k\u00e4ri.Kaikki valitukset rekister\u00f6id\u00e4\u00e4n ja s\u00e4ilytet\u00e4\u00e4n valitusten kansiossa.Kaikille valituksille vastataan viimeist\u00e4\u00e4n&hellip;","og_url":"https:\/\/primadent.ee\/fi\/tiedot\/valitusten-ratkaisemisjarjestys\/","og_site_name":"Primadent Hambaravi","article_publisher":"https:\/\/www.facebook.com\/Primadent-Hambaravi-106842458545569","article_modified_time":"2024-09-06T05:43:56+00:00","twitter_card":"summary_large_image","twitter_misc":{"Arvioitu lukuaika":"1 minuutti"},"schema":{"@context":"https:\/\/schema.org","@graph":[{"@type":"WebPage","@id":"https:\/\/primadent.ee\/fi\/tiedot\/valitusten-ratkaisemisjarjestys\/","url":"https:\/\/primadent.ee\/fi\/tiedot\/valitusten-ratkaisemisjarjestys\/","name":"Valitusten ratkaisemisj\u00e4rjestys - Primadent Hambaravi","isPartOf":{"@id":"https:\/\/primadent.ee\/#website"},"datePublished":"2024-09-06T05:41:45+00:00","dateModified":"2024-09-06T05:43:56+00:00","breadcrumb":{"@id":"https:\/\/primadent.ee\/fi\/tiedot\/valitusten-ratkaisemisjarjestys\/#breadcrumb"},"inLanguage":"fi","potentialAction":[{"@type":"ReadAction","target":["https:\/\/primadent.ee\/fi\/tiedot\/valitusten-ratkaisemisjarjestys\/"]}]},{"@type":"BreadcrumbList","@id":"https:\/\/primadent.ee\/fi\/tiedot\/valitusten-ratkaisemisjarjestys\/#breadcrumb","itemListElement":[{"@type":"ListItem","position":1,"name":"Home","item":"https:\/\/primadent.ee\/fi\/avaleht\/"},{"@type":"ListItem","position":2,"name":"Tiedot","item":"https:\/\/primadent.ee\/fi\/tiedot\/"},{"@type":"ListItem","position":3,"name":"Valitusten ratkaisemisj\u00e4rjestys"}]},{"@type":"WebSite","@id":"https:\/\/primadent.ee\/#website","url":"https:\/\/primadent.ee\/","name":"Primadent Hambaravi","description":"Eurodent Hambaravi O&Uuml;","publisher":{"@id":"https:\/\/primadent.ee\/#organization"},"potentialAction":[{"@type":"SearchAction","target":{"@type":"EntryPoint","urlTemplate":"https:\/\/primadent.ee\/?s={search_term_string}"},"query-input":{"@type":"PropertyValueSpecification","valueRequired":true,"valueName":"search_term_string"}}],"inLanguage":"fi"},{"@type":"Organization","@id":"https:\/\/primadent.ee\/#organization","name":"Primadent","url":"https:\/\/primadent.ee\/","logo":{"@type":"ImageObject","inLanguage":"fi","@id":"https:\/\/primadent.ee\/#\/schema\/logo\/image\/","url":"https:\/\/primadent.ee\/wp-content\/uploads\/2022\/04\/primadent.jpg","contentUrl":"https:\/\/primadent.ee\/wp-content\/uploads\/2022\/04\/primadent.jpg","width":370,"height":370,"caption":"Primadent"},"image":{"@id":"https:\/\/primadent.ee\/#\/schema\/logo\/image\/"},"sameAs":["https:\/\/www.facebook.com\/Primadent-Hambaravi-106842458545569"]}]}},"_links":{"self":[{"href":"https:\/\/primadent.ee\/fi\/wp-json\/wp\/v2\/pages\/1975","targetHints":{"allow":["GET"]}}],"collection":[{"href":"https:\/\/primadent.ee\/fi\/wp-json\/wp\/v2\/pages"}],"about":[{"href":"https:\/\/primadent.ee\/fi\/wp-json\/wp\/v2\/types\/page"}],"author":[{"embeddable":true,"href":"https:\/\/primadent.ee\/fi\/wp-json\/wp\/v2\/users\/1"}],"replies":[{"embeddable":true,"href":"https:\/\/primadent.ee\/fi\/wp-json\/wp\/v2\/comments?post=1975"}],"version-history":[{"count":1,"href":"https:\/\/primadent.ee\/fi\/wp-json\/wp\/v2\/pages\/1975\/revisions"}],"predecessor-version":[{"id":1980,"href":"https:\/\/primadent.ee\/fi\/wp-json\/wp\/v2\/pages\/1975\/revisions\/1980"}],"up":[{"embeddable":true,"href":"https:\/\/primadent.ee\/fi\/wp-json\/wp\/v2\/pages\/1978"}],"wp:attachment":[{"href":"https:\/\/primadent.ee\/fi\/wp-json\/wp\/v2\/media?parent=1975"}],"curies":[{"name":"wp","href":"https:\/\/api.w.org\/{rel}","templated":true}]}}