{"id":1976,"date":"2024-09-06T08:43:21","date_gmt":"2024-09-06T05:43:21","guid":{"rendered":"https:\/\/primadent.ee\/hoitojonon-yllapitamisen-saannot\/"},"modified":"2024-09-06T08:43:56","modified_gmt":"2024-09-06T05:43:56","slug":"hoitojonon-yllapitamisen-saannot","status":"publish","type":"page","link":"https:\/\/primadent.ee\/fi\/tiedot\/hoitojonon-yllapitamisen-saannot\/","title":{"rendered":"Hoitojonon yll\u00e4pit\u00e4misen s\u00e4\u00e4nn\u00f6t"},"content":{"rendered":"<p>Eurodent Hambaravi O\u00dc:n hoitovapaita pidet\u00e4\u00e4n Hammas-ohjelmassa.<br \/>Hoitovapaan voi rekister\u00f6id\u00e4 sihteeri, l\u00e4\u00e4k\u00e4ri tai sairaanhoitaja:  <\/p>\n<ul>\n<li>Puhelimitse<\/li>\n<li>S\u00e4hk\u00f6postitse<\/li>\n<li>Klinikalla paikan p\u00e4\u00e4ll\u00e4<\/li>\n<li>Verkkosivustolla \u2013 <a href=\"https:\/\/primadent.ee\">www.primadent.ee<\/a> (vaaditaan ID-korttia tai Mobiil-ID:t\u00e4)<\/li>\n<\/ul>\n<p> Klinikan aukioloajat ja kaikki tarvittavat yhteystiedot l\u00f6ytyv\u00e4t verkkosivustolta <a href=\"https:\/\/primadent.ee\">www.primadent.ee.<\/a> Potilaan vastaanottoaika on suunniteltu kest\u00e4m\u00e4\u00e4n 30-60 minuuttia. Ensih\u00e4t\u00e4apua annetaan klinikalla mahdollisimman nopeasti.    <\/p>\n<h6><strong>Terveydenhuoltopalvelujen saatavuuden ja hoitovapaan pit\u00e4misen vaatimukset<\/strong><\/h6>\n<p> (Sosiaali- ja terveysministerin antama s\u00e4\u00e4d\u00f6s, voimaantulo 01.09.2008) Terveydenhuoltopalveluja voidaan tarjota hoitovapaan mukaan, jos terveydenhuollon tarjoajalla ei ole mahdollisuutta tarjota palvelua heti ja palvelun viiv\u00e4stytt\u00e4minen m\u00e4\u00e4r\u00e4ttyyn ajankohtaan ei aiheuta potilaan terveydentilan heikkenemist\u00e4, vaikuta sairauden kulkuun tai huononna sairauden my\u00f6hemp\u00e4\u00e4 ennustetta.<br \/>Kun terveydenhuollon tarjoaja rekister\u00f6i potilaan hoitovapaan, rekister\u00f6id\u00e4\u00e4n seuraavat tiedot: 1) potilaan etu- ja sukunimi, henkil\u00f6tunnus tai sen puuttuessa syntym\u00e4aika; 2) suunniteltu vastaanottoaika; 3) suunnitellun terveydenhuoltopalvelun perusteet (diagnoosi ja toimenpiteen, tutkimuksen tai toimenpiteen nimi); 4) potilaan yhteystiedot (puhelinnumero ja s\u00e4hk\u00f6postiosoite); 5) l\u00e4hett\u00e4v\u00e4n l\u00e4\u00e4k\u00e4rin yhteystiedot (jos l\u00e4hete on olemassa); 6) potilaan hoitovapaan rekister\u00f6intip\u00e4iv\u00e4m\u00e4\u00e4r\u00e4; 7) muutosten tekemisen (hoitovapaan aikaistaminen tai my\u00f6hent\u00e4minen tai vapaan poistaminen) p\u00e4iv\u00e4m\u00e4\u00e4r\u00e4 ja syy; 8) hoitovapaan syyn koodi, jos odotusaika ylitt\u00e4\u00e4 Viron Sairausvakuutusrahaston hallituksen vahvistaman maksimipituuden; 9) merkint\u00e4 siit\u00e4, ett\u00e4 potilaalle on ilmoitettu hoitovapaan muutoksista.<br \/>Jos potilas rekister\u00f6id\u00e4\u00e4n hoitovapaan terveydenhuollon tarjoajan toimipisteess\u00e4, terveydenhuollon tarjoajan on annettava potilaalle kirjallinen ilmoitus, jossa on palvelun aika ja terveydenhuoltopalvelua tarjoavan yksik\u00f6n tai terveydenhuollon ammattilaisen nimi ja puhelinnumero.<br \/>Jos potilas rekister\u00f6id\u00e4\u00e4n hoitovapaan terveydenhuollon tarjoajan vastaanoton puhelimen, s\u00e4hk\u00f6postin tai Internetin kautta, terveydenhuollon tarjoajan on ilmoitettava potilaalle puhelimitse tai Internetin kautta palvelun aika ja terveydenhuoltopalvelua tarjoavan yksik\u00f6n terveydenhuollon ammattilaisen nimi ja puhelinnumero. Hoitovapaan rekister\u00f6inti digitaalisessa vastaanotossa on taattava potilaalle ja terveydenhuollon tarjoajalle ymp\u00e4ri vuorokauden (24 h), ja terveydenhuollon tarjoajan on hyv\u00e4ksytt\u00e4v\u00e4 digitaalisessa vastaanotossa pidett\u00e4v\u00e4 hoitovapaa.<br \/>Kun terveydenhuollon tarjoaja tekee muutoksia hoitovapaaseen, terveydenhuollon tarjoajan on ilmoitettava potilaalle muutoksista viimeist\u00e4\u00e4n yhden ty\u00f6p\u00e4iv\u00e4n kuluessa muutosten tekemisest\u00e4.               <\/p>\n","protected":false},"excerpt":{"rendered":"<p>Eurodent Hambaravi O\u00dc:n hoitovapaita pidet\u00e4\u00e4n Hammas-ohjelmassa.Hoitovapaan voi rekister\u00f6id\u00e4 sihteeri, l\u00e4\u00e4k\u00e4ri tai sairaanhoitaja: Puhelimitse S\u00e4hk\u00f6postitse Klinikalla paikan p\u00e4\u00e4ll\u00e4 Verkkosivustolla \u2013 www.primadent.ee (vaaditaan ID-korttia tai Mobiil-ID:t\u00e4) Klinikan aukioloajat ja kaikki tarvittavat yhteystiedot l\u00f6ytyv\u00e4t verkkosivustolta www.primadent.ee. Potilaan vastaanottoaika on suunniteltu kest\u00e4m\u00e4\u00e4n 30-60 minuuttia. Ensih\u00e4t\u00e4apua annetaan klinikalla mahdollisimman nopeasti. Terveydenhuoltopalvelujen saatavuuden ja hoitovapaan pit\u00e4misen vaatimukset (Sosiaali- ja terveysministerin antama s\u00e4\u00e4d\u00f6s, voimaantulo 01.09.2008) Terveydenhuoltopalveluja voidaan&hellip;<\/p>\n","protected":false},"author":1,"featured_media":0,"parent":1978,"menu_order":0,"comment_status":"closed","ping_status":"closed","template":"","meta":{"footnotes":""},"class_list":["post-1976","page","type-page","status-publish","hentry"],"yoast_head":"<!-- This site is optimized with the Yoast SEO plugin v27.1.1 - https:\/\/yoast.com\/product\/yoast-seo-wordpress\/ -->\n<title>Hoitojonon yll\u00e4pit\u00e4misen s\u00e4\u00e4nn\u00f6t - Primadent Hambaravi<\/title>\n<meta name=\"robots\" content=\"index, follow, max-snippet:-1, max-image-preview:large, max-video-preview:-1\" \/>\n<link rel=\"canonical\" href=\"https:\/\/primadent.ee\/fi\/tiedot\/hoitojonon-yllapitamisen-saannot\/\" \/>\n<meta property=\"og:locale\" content=\"fi_FI\" \/>\n<meta property=\"og:type\" content=\"article\" \/>\n<meta property=\"og:title\" content=\"Hoitojonon yll\u00e4pit\u00e4misen s\u00e4\u00e4nn\u00f6t - Primadent Hambaravi\" \/>\n<meta property=\"og:description\" content=\"Eurodent Hambaravi O\u00dc:n hoitovapaita pidet\u00e4\u00e4n Hammas-ohjelmassa.Hoitovapaan voi rekister\u00f6id\u00e4 sihteeri, l\u00e4\u00e4k\u00e4ri tai sairaanhoitaja: Puhelimitse S\u00e4hk\u00f6postitse Klinikalla paikan p\u00e4\u00e4ll\u00e4 Verkkosivustolla \u2013 www.primadent.ee (vaaditaan ID-korttia tai Mobiil-ID:t\u00e4) Klinikan aukioloajat ja kaikki tarvittavat yhteystiedot l\u00f6ytyv\u00e4t verkkosivustolta www.primadent.ee. Potilaan vastaanottoaika on suunniteltu kest\u00e4m\u00e4\u00e4n 30-60 minuuttia. Ensih\u00e4t\u00e4apua annetaan klinikalla mahdollisimman nopeasti. Terveydenhuoltopalvelujen saatavuuden ja hoitovapaan pit\u00e4misen vaatimukset (Sosiaali- ja terveysministerin antama s\u00e4\u00e4d\u00f6s, voimaantulo 01.09.2008) Terveydenhuoltopalveluja voidaan&hellip;\" \/>\n<meta property=\"og:url\" content=\"https:\/\/primadent.ee\/fi\/tiedot\/hoitojonon-yllapitamisen-saannot\/\" \/>\n<meta property=\"og:site_name\" content=\"Primadent Hambaravi\" \/>\n<meta property=\"article:publisher\" content=\"https:\/\/www.facebook.com\/Primadent-Hambaravi-106842458545569\" \/>\n<meta property=\"article:modified_time\" content=\"2024-09-06T05:43:56+00:00\" \/>\n<meta name=\"twitter:card\" content=\"summary_large_image\" \/>\n<meta name=\"twitter:label1\" content=\"Arvioitu lukuaika\" \/>\n\t<meta name=\"twitter:data1\" content=\"2 minuuttia\" \/>\n<script type=\"application\/ld+json\" class=\"yoast-schema-graph\">{\"@context\":\"https:\/\/schema.org\",\"@graph\":[{\"@type\":\"WebPage\",\"@id\":\"https:\/\/primadent.ee\/fi\/tiedot\/hoitojonon-yllapitamisen-saannot\/\",\"url\":\"https:\/\/primadent.ee\/fi\/tiedot\/hoitojonon-yllapitamisen-saannot\/\",\"name\":\"Hoitojonon yll\u00e4pit\u00e4misen s\u00e4\u00e4nn\u00f6t - Primadent Hambaravi\",\"isPartOf\":{\"@id\":\"https:\/\/primadent.ee\/#website\"},\"datePublished\":\"2024-09-06T05:43:21+00:00\",\"dateModified\":\"2024-09-06T05:43:56+00:00\",\"breadcrumb\":{\"@id\":\"https:\/\/primadent.ee\/fi\/tiedot\/hoitojonon-yllapitamisen-saannot\/#breadcrumb\"},\"inLanguage\":\"fi\",\"potentialAction\":[{\"@type\":\"ReadAction\",\"target\":[\"https:\/\/primadent.ee\/fi\/tiedot\/hoitojonon-yllapitamisen-saannot\/\"]}]},{\"@type\":\"BreadcrumbList\",\"@id\":\"https:\/\/primadent.ee\/fi\/tiedot\/hoitojonon-yllapitamisen-saannot\/#breadcrumb\",\"itemListElement\":[{\"@type\":\"ListItem\",\"position\":1,\"name\":\"Home\",\"item\":\"https:\/\/primadent.ee\/fi\/avaleht\/\"},{\"@type\":\"ListItem\",\"position\":2,\"name\":\"Tiedot\",\"item\":\"https:\/\/primadent.ee\/fi\/tiedot\/\"},{\"@type\":\"ListItem\",\"position\":3,\"name\":\"Hoitojonon yll\u00e4pit\u00e4misen s\u00e4\u00e4nn\u00f6t\"}]},{\"@type\":\"WebSite\",\"@id\":\"https:\/\/primadent.ee\/#website\",\"url\":\"https:\/\/primadent.ee\/\",\"name\":\"Primadent Hambaravi\",\"description\":\"Eurodent Hambaravi O&Uuml;\",\"publisher\":{\"@id\":\"https:\/\/primadent.ee\/#organization\"},\"potentialAction\":[{\"@type\":\"SearchAction\",\"target\":{\"@type\":\"EntryPoint\",\"urlTemplate\":\"https:\/\/primadent.ee\/?s={search_term_string}\"},\"query-input\":{\"@type\":\"PropertyValueSpecification\",\"valueRequired\":true,\"valueName\":\"search_term_string\"}}],\"inLanguage\":\"fi\"},{\"@type\":\"Organization\",\"@id\":\"https:\/\/primadent.ee\/#organization\",\"name\":\"Primadent\",\"url\":\"https:\/\/primadent.ee\/\",\"logo\":{\"@type\":\"ImageObject\",\"inLanguage\":\"fi\",\"@id\":\"https:\/\/primadent.ee\/#\/schema\/logo\/image\/\",\"url\":\"https:\/\/primadent.ee\/wp-content\/uploads\/2022\/04\/primadent.jpg\",\"contentUrl\":\"https:\/\/primadent.ee\/wp-content\/uploads\/2022\/04\/primadent.jpg\",\"width\":370,\"height\":370,\"caption\":\"Primadent\"},\"image\":{\"@id\":\"https:\/\/primadent.ee\/#\/schema\/logo\/image\/\"},\"sameAs\":[\"https:\/\/www.facebook.com\/Primadent-Hambaravi-106842458545569\"]}]}<\/script>\n<!-- \/ Yoast SEO plugin. -->","yoast_head_json":{"title":"Hoitojonon yll\u00e4pit\u00e4misen s\u00e4\u00e4nn\u00f6t - Primadent Hambaravi","robots":{"index":"index","follow":"follow","max-snippet":"max-snippet:-1","max-image-preview":"max-image-preview:large","max-video-preview":"max-video-preview:-1"},"canonical":"https:\/\/primadent.ee\/fi\/tiedot\/hoitojonon-yllapitamisen-saannot\/","og_locale":"fi_FI","og_type":"article","og_title":"Hoitojonon yll\u00e4pit\u00e4misen s\u00e4\u00e4nn\u00f6t - Primadent Hambaravi","og_description":"Eurodent Hambaravi O\u00dc:n hoitovapaita pidet\u00e4\u00e4n Hammas-ohjelmassa.Hoitovapaan voi rekister\u00f6id\u00e4 sihteeri, l\u00e4\u00e4k\u00e4ri tai sairaanhoitaja: Puhelimitse S\u00e4hk\u00f6postitse Klinikalla paikan p\u00e4\u00e4ll\u00e4 Verkkosivustolla \u2013 www.primadent.ee (vaaditaan ID-korttia tai Mobiil-ID:t\u00e4) Klinikan aukioloajat ja kaikki tarvittavat yhteystiedot l\u00f6ytyv\u00e4t verkkosivustolta www.primadent.ee. Potilaan vastaanottoaika on suunniteltu kest\u00e4m\u00e4\u00e4n 30-60 minuuttia. Ensih\u00e4t\u00e4apua annetaan klinikalla mahdollisimman nopeasti. Terveydenhuoltopalvelujen saatavuuden ja hoitovapaan pit\u00e4misen vaatimukset (Sosiaali- ja terveysministerin antama s\u00e4\u00e4d\u00f6s, voimaantulo 01.09.2008) Terveydenhuoltopalveluja voidaan&hellip;","og_url":"https:\/\/primadent.ee\/fi\/tiedot\/hoitojonon-yllapitamisen-saannot\/","og_site_name":"Primadent Hambaravi","article_publisher":"https:\/\/www.facebook.com\/Primadent-Hambaravi-106842458545569","article_modified_time":"2024-09-06T05:43:56+00:00","twitter_card":"summary_large_image","twitter_misc":{"Arvioitu lukuaika":"2 minuuttia"},"schema":{"@context":"https:\/\/schema.org","@graph":[{"@type":"WebPage","@id":"https:\/\/primadent.ee\/fi\/tiedot\/hoitojonon-yllapitamisen-saannot\/","url":"https:\/\/primadent.ee\/fi\/tiedot\/hoitojonon-yllapitamisen-saannot\/","name":"Hoitojonon yll\u00e4pit\u00e4misen s\u00e4\u00e4nn\u00f6t - Primadent Hambaravi","isPartOf":{"@id":"https:\/\/primadent.ee\/#website"},"datePublished":"2024-09-06T05:43:21+00:00","dateModified":"2024-09-06T05:43:56+00:00","breadcrumb":{"@id":"https:\/\/primadent.ee\/fi\/tiedot\/hoitojonon-yllapitamisen-saannot\/#breadcrumb"},"inLanguage":"fi","potentialAction":[{"@type":"ReadAction","target":["https:\/\/primadent.ee\/fi\/tiedot\/hoitojonon-yllapitamisen-saannot\/"]}]},{"@type":"BreadcrumbList","@id":"https:\/\/primadent.ee\/fi\/tiedot\/hoitojonon-yllapitamisen-saannot\/#breadcrumb","itemListElement":[{"@type":"ListItem","position":1,"name":"Home","item":"https:\/\/primadent.ee\/fi\/avaleht\/"},{"@type":"ListItem","position":2,"name":"Tiedot","item":"https:\/\/primadent.ee\/fi\/tiedot\/"},{"@type":"ListItem","position":3,"name":"Hoitojonon yll\u00e4pit\u00e4misen s\u00e4\u00e4nn\u00f6t"}]},{"@type":"WebSite","@id":"https:\/\/primadent.ee\/#website","url":"https:\/\/primadent.ee\/","name":"Primadent Hambaravi","description":"Eurodent Hambaravi O&Uuml;","publisher":{"@id":"https:\/\/primadent.ee\/#organization"},"potentialAction":[{"@type":"SearchAction","target":{"@type":"EntryPoint","urlTemplate":"https:\/\/primadent.ee\/?s={search_term_string}"},"query-input":{"@type":"PropertyValueSpecification","valueRequired":true,"valueName":"search_term_string"}}],"inLanguage":"fi"},{"@type":"Organization","@id":"https:\/\/primadent.ee\/#organization","name":"Primadent","url":"https:\/\/primadent.ee\/","logo":{"@type":"ImageObject","inLanguage":"fi","@id":"https:\/\/primadent.ee\/#\/schema\/logo\/image\/","url":"https:\/\/primadent.ee\/wp-content\/uploads\/2022\/04\/primadent.jpg","contentUrl":"https:\/\/primadent.ee\/wp-content\/uploads\/2022\/04\/primadent.jpg","width":370,"height":370,"caption":"Primadent"},"image":{"@id":"https:\/\/primadent.ee\/#\/schema\/logo\/image\/"},"sameAs":["https:\/\/www.facebook.com\/Primadent-Hambaravi-106842458545569"]}]}},"_links":{"self":[{"href":"https:\/\/primadent.ee\/fi\/wp-json\/wp\/v2\/pages\/1976","targetHints":{"allow":["GET"]}}],"collection":[{"href":"https:\/\/primadent.ee\/fi\/wp-json\/wp\/v2\/pages"}],"about":[{"href":"https:\/\/primadent.ee\/fi\/wp-json\/wp\/v2\/types\/page"}],"author":[{"embeddable":true,"href":"https:\/\/primadent.ee\/fi\/wp-json\/wp\/v2\/users\/1"}],"replies":[{"embeddable":true,"href":"https:\/\/primadent.ee\/fi\/wp-json\/wp\/v2\/comments?post=1976"}],"version-history":[{"count":1,"href":"https:\/\/primadent.ee\/fi\/wp-json\/wp\/v2\/pages\/1976\/revisions"}],"predecessor-version":[{"id":1979,"href":"https:\/\/primadent.ee\/fi\/wp-json\/wp\/v2\/pages\/1976\/revisions\/1979"}],"up":[{"embeddable":true,"href":"https:\/\/primadent.ee\/fi\/wp-json\/wp\/v2\/pages\/1978"}],"wp:attachment":[{"href":"https:\/\/primadent.ee\/fi\/wp-json\/wp\/v2\/media?parent=1976"}],"curies":[{"name":"wp","href":"https:\/\/api.w.org\/{rel}","templated":true}]}}